{"id":4,"date":"2015-01-11T17:34:34","date_gmt":"2015-01-11T16:34:34","guid":{"rendered":"http:\/\/uwekempe.de\/wordpress\/?page_id=4"},"modified":"2020-01-07T00:13:09","modified_gmt":"2020-01-06T23:13:09","slug":"startseite","status":"publish","type":"page","link":"https:\/\/uwekempe.de\/wordpress\/startseite\/","title":{"rendered":"Herzlich willkommen"},"content":{"rendered":"<p style=\"text-align: left;\">auf meinem Blog mit Beitr\u00e4gen zur Fotografie, meinem Hobby; einigen Gedanken zu dem, was mich sonst so bewegt sowie einen Einblick in meinen Dienst als Pfarrer der Kirchgemeinden Behringen und Craula (bei Eisenach) bis zum Ausscheiden aus dem aktiven Dienst im September 2018.<br \/>\nDas Foto auf dieser Seite entstand w\u00e4hrend der Vorbereitungen zu einem <a href=\"http:\/\/uwekempe.de\/wordpress\/ostergottesdienst-im-kunstquartier\/\" target=\"_blank\" rel=\"noopener noreferrer\">Gottesdienst in der Abschlussausstellung des Fotoseminars<\/a> bei Linn Schr\u00f6der im Kunstquartier Bethanien in Berlin.<\/p>\n<p style=\"text-align: left;\">Kommentare sind&nbsp;sehr willkommen!!<\/p>\n<p><a href=\"https:\/\/jung-kempe.de\" target=\"_blank\" rel=\"noopener noreferrer\">www.jung-kempe.de<\/a><\/p>\n","protected":false},"excerpt":{"rendered":"<p>auf meinem Blog mit Beitr\u00e4gen zur Fotografie, meinem Hobby; einigen Gedanken zu dem, was mich sonst so bewegt sowie einen Einblick in meinen Dienst als Pfarrer der Kirchgemeinden Behringen und Craula (bei Eisenach) bis zum Ausscheiden aus dem aktiven Dienst im September 2018. Das Foto auf dieser Seite entstand w\u00e4hrend der Vorbereitungen zu einem Gottesdienst [&hellip;]<\/p>\n","protected":false},"author":1,"featured_media":285,"parent":0,"menu_order":0,"comment_status":"open","ping_status":"closed","template":"page-templates\/front-page.php","meta":{"footnotes":""},"class_list":["post-4","page","type-page","status-publish","has-post-thumbnail","hentry"],"yoast_head":"<!-- This site is optimized with the Yoast SEO plugin v26.1.1 - https:\/\/yoast.com\/wordpress\/plugins\/seo\/ -->\n<title>Herzlich willkommen - Uwe Jung-Kempe - Mein Blog<\/title>\n<meta name=\"robots\" content=\"index, follow, max-snippet:-1, max-image-preview:large, max-video-preview:-1\" \/>\n<link rel=\"canonical\" href=\"https:\/\/uwekempe.de\/wordpress\/startseite\/\" \/>\n<script type=\"application\/ld+json\" class=\"yoast-schema-graph\">{\"@context\":\"https:\/\/schema.org\",\"@graph\":[{\"@type\":\"WebPage\",\"@id\":\"https:\/\/uwekempe.de\/wordpress\/startseite\/\",\"url\":\"https:\/\/uwekempe.de\/wordpress\/startseite\/\",\"name\":\"Herzlich willkommen - Uwe Jung-Kempe - Mein Blog\",\"isPartOf\":{\"@id\":\"https:\/\/uwekempe.de\/wordpress\/#website\"},\"primaryImageOfPage\":{\"@id\":\"https:\/\/uwekempe.de\/wordpress\/startseite\/#primaryimage\"},\"image\":{\"@id\":\"https:\/\/uwekempe.de\/wordpress\/startseite\/#primaryimage\"},\"thumbnailUrl\":\"https:\/\/uwekempe.de\/wordpress\/wp-content\/uploads\/2015\/04\/Ostersonntag_01.jpg\",\"datePublished\":\"2015-01-11T16:34:34+00:00\",\"dateModified\":\"2020-01-06T23:13:09+00:00\",\"breadcrumb\":{\"@id\":\"https:\/\/uwekempe.de\/wordpress\/startseite\/#breadcrumb\"},\"inLanguage\":\"de\",\"potentialAction\":[{\"@type\":\"ReadAction\",\"target\":[\"https:\/\/uwekempe.de\/wordpress\/startseite\/\"]}]},{\"@type\":\"ImageObject\",\"inLanguage\":\"de\",\"@id\":\"https:\/\/uwekempe.de\/wordpress\/startseite\/#primaryimage\",\"url\":\"https:\/\/uwekempe.de\/wordpress\/wp-content\/uploads\/2015\/04\/Ostersonntag_01.jpg\",\"contentUrl\":\"https:\/\/uwekempe.de\/wordpress\/wp-content\/uploads\/2015\/04\/Ostersonntag_01.jpg\",\"width\":664,\"height\":1000},{\"@type\":\"BreadcrumbList\",\"@id\":\"https:\/\/uwekempe.de\/wordpress\/startseite\/#breadcrumb\",\"itemListElement\":[{\"@type\":\"ListItem\",\"position\":1,\"name\":\"Home\",\"item\":\"https:\/\/uwekempe.de\/wordpress\/\"},{\"@type\":\"ListItem\",\"position\":2,\"name\":\"Herzlich willkommen\"}]},{\"@type\":\"WebSite\",\"@id\":\"https:\/\/uwekempe.de\/wordpress\/#website\",\"url\":\"https:\/\/uwekempe.de\/wordpress\/\",\"name\":\"Uwe Jung-Kempe - Mein Blog\",\"description\":\"Fotografie und andere Kunst &amp; Leben\",\"publisher\":{\"@id\":\"https:\/\/uwekempe.de\/wordpress\/#\/schema\/person\/067c43c2ada5689085fd6326465c4df4\"},\"potentialAction\":[{\"@type\":\"SearchAction\",\"target\":{\"@type\":\"EntryPoint\",\"urlTemplate\":\"https:\/\/uwekempe.de\/wordpress\/?s={search_term_string}\"},\"query-input\":{\"@type\":\"PropertyValueSpecification\",\"valueRequired\":true,\"valueName\":\"search_term_string\"}}],\"inLanguage\":\"de\"},{\"@type\":[\"Person\",\"Organization\"],\"@id\":\"https:\/\/uwekempe.de\/wordpress\/#\/schema\/person\/067c43c2ada5689085fd6326465c4df4\",\"name\":\"Uwe Jung-Kempe\",\"image\":{\"@type\":\"ImageObject\",\"inLanguage\":\"de\",\"@id\":\"https:\/\/uwekempe.de\/wordpress\/#\/schema\/person\/image\/\",\"url\":\"https:\/\/secure.gravatar.com\/avatar\/5232f6238c13a877608513b2cbe64a0a9cd17cc959412bae460e2638887ad5bf?s=96&d=mm&r=g\",\"contentUrl\":\"https:\/\/secure.gravatar.com\/avatar\/5232f6238c13a877608513b2cbe64a0a9cd17cc959412bae460e2638887ad5bf?s=96&d=mm&r=g\",\"caption\":\"Uwe Jung-Kempe\"},\"logo\":{\"@id\":\"https:\/\/uwekempe.de\/wordpress\/#\/schema\/person\/image\/\"},\"description\":\"geb. in Apolda \/ Th\u00fcr., nach dem Abitur Arbeit als Verk\u00e4ufer, Postzusteller, Filmvorf\u00fchrer, evang. Pfarrer in Th\u00fcringen, mehrere einj\u00e4hrige Fotoseminare an der Ostkreuzschule Berlin, 4 Kinder\"}]}<\/script>\n<!-- \/ Yoast SEO plugin. -->","yoast_head_json":{"title":"Herzlich willkommen - Uwe Jung-Kempe - Mein Blog","robots":{"index":"index","follow":"follow","max-snippet":"max-snippet:-1","max-image-preview":"max-image-preview:large","max-video-preview":"max-video-preview:-1"},"canonical":"https:\/\/uwekempe.de\/wordpress\/startseite\/","schema":{"@context":"https:\/\/schema.org","@graph":[{"@type":"WebPage","@id":"https:\/\/uwekempe.de\/wordpress\/startseite\/","url":"https:\/\/uwekempe.de\/wordpress\/startseite\/","name":"Herzlich willkommen - Uwe Jung-Kempe - Mein Blog","isPartOf":{"@id":"https:\/\/uwekempe.de\/wordpress\/#website"},"primaryImageOfPage":{"@id":"https:\/\/uwekempe.de\/wordpress\/startseite\/#primaryimage"},"image":{"@id":"https:\/\/uwekempe.de\/wordpress\/startseite\/#primaryimage"},"thumbnailUrl":"https:\/\/uwekempe.de\/wordpress\/wp-content\/uploads\/2015\/04\/Ostersonntag_01.jpg","datePublished":"2015-01-11T16:34:34+00:00","dateModified":"2020-01-06T23:13:09+00:00","breadcrumb":{"@id":"https:\/\/uwekempe.de\/wordpress\/startseite\/#breadcrumb"},"inLanguage":"de","potentialAction":[{"@type":"ReadAction","target":["https:\/\/uwekempe.de\/wordpress\/startseite\/"]}]},{"@type":"ImageObject","inLanguage":"de","@id":"https:\/\/uwekempe.de\/wordpress\/startseite\/#primaryimage","url":"https:\/\/uwekempe.de\/wordpress\/wp-content\/uploads\/2015\/04\/Ostersonntag_01.jpg","contentUrl":"https:\/\/uwekempe.de\/wordpress\/wp-content\/uploads\/2015\/04\/Ostersonntag_01.jpg","width":664,"height":1000},{"@type":"BreadcrumbList","@id":"https:\/\/uwekempe.de\/wordpress\/startseite\/#breadcrumb","itemListElement":[{"@type":"ListItem","position":1,"name":"Home","item":"https:\/\/uwekempe.de\/wordpress\/"},{"@type":"ListItem","position":2,"name":"Herzlich willkommen"}]},{"@type":"WebSite","@id":"https:\/\/uwekempe.de\/wordpress\/#website","url":"https:\/\/uwekempe.de\/wordpress\/","name":"Uwe Jung-Kempe - Mein Blog","description":"Fotografie und andere Kunst &amp; Leben","publisher":{"@id":"https:\/\/uwekempe.de\/wordpress\/#\/schema\/person\/067c43c2ada5689085fd6326465c4df4"},"potentialAction":[{"@type":"SearchAction","target":{"@type":"EntryPoint","urlTemplate":"https:\/\/uwekempe.de\/wordpress\/?s={search_term_string}"},"query-input":{"@type":"PropertyValueSpecification","valueRequired":true,"valueName":"search_term_string"}}],"inLanguage":"de"},{"@type":["Person","Organization"],"@id":"https:\/\/uwekempe.de\/wordpress\/#\/schema\/person\/067c43c2ada5689085fd6326465c4df4","name":"Uwe Jung-Kempe","image":{"@type":"ImageObject","inLanguage":"de","@id":"https:\/\/uwekempe.de\/wordpress\/#\/schema\/person\/image\/","url":"https:\/\/secure.gravatar.com\/avatar\/5232f6238c13a877608513b2cbe64a0a9cd17cc959412bae460e2638887ad5bf?s=96&d=mm&r=g","contentUrl":"https:\/\/secure.gravatar.com\/avatar\/5232f6238c13a877608513b2cbe64a0a9cd17cc959412bae460e2638887ad5bf?s=96&d=mm&r=g","caption":"Uwe Jung-Kempe"},"logo":{"@id":"https:\/\/uwekempe.de\/wordpress\/#\/schema\/person\/image\/"},"description":"geb. in Apolda \/ Th\u00fcr., nach dem Abitur Arbeit als Verk\u00e4ufer, Postzusteller, Filmvorf\u00fchrer, evang. Pfarrer in Th\u00fcringen, mehrere einj\u00e4hrige Fotoseminare an der Ostkreuzschule Berlin, 4 Kinder"}]}},"_links":{"self":[{"href":"https:\/\/uwekempe.de\/wordpress\/wp-json\/wp\/v2\/pages\/4","targetHints":{"allow":["GET"]}}],"collection":[{"href":"https:\/\/uwekempe.de\/wordpress\/wp-json\/wp\/v2\/pages"}],"about":[{"href":"https:\/\/uwekempe.de\/wordpress\/wp-json\/wp\/v2\/types\/page"}],"author":[{"embeddable":true,"href":"https:\/\/uwekempe.de\/wordpress\/wp-json\/wp\/v2\/users\/1"}],"replies":[{"embeddable":true,"href":"https:\/\/uwekempe.de\/wordpress\/wp-json\/wp\/v2\/comments?post=4"}],"version-history":[{"count":53,"href":"https:\/\/uwekempe.de\/wordpress\/wp-json\/wp\/v2\/pages\/4\/revisions"}],"predecessor-version":[{"id":1182,"href":"https:\/\/uwekempe.de\/wordpress\/wp-json\/wp\/v2\/pages\/4\/revisions\/1182"}],"wp:featuredmedia":[{"embeddable":true,"href":"https:\/\/uwekempe.de\/wordpress\/wp-json\/wp\/v2\/media\/285"}],"wp:attachment":[{"href":"https:\/\/uwekempe.de\/wordpress\/wp-json\/wp\/v2\/media?parent=4"}],"curies":[{"name":"wp","href":"https:\/\/api.w.org\/{rel}","templated":true}]}}